{"id":233,"date":"2025-01-04T01:30:44","date_gmt":"2025-01-04T01:30:44","guid":{"rendered":"http:\/\/www.bsfalcon.com\/?page_id=233"},"modified":"2025-07-25T11:33:54","modified_gmt":"2025-07-25T11:33:54","slug":"iletisime-gecin","status":"publish","type":"page","link":"http:\/\/www.bsfalcon.com\/index.php\/iletisime-gecin\/","title":{"rendered":"\u0130leti\u015fime Ge\u00e7in"},"content":{"rendered":"\n\n\n\n","protected":false},"excerpt":{"rendered":"","protected":false},"author":1,"featured_media":0,"parent":0,"menu_order":0,"comment_status":"closed","ping_status":"closed","template":"full-width","meta":{"saved_in_kubio":true,"footnotes":""},"class_list":["post-233","page","type-page","status-publish","hentry"],"kubio_ai_page_context":{"short_desc":"","purpose":"general"},"_links":{"self":[{"href":"http:\/\/www.bsfalcon.com\/index.php\/wp-json\/wp\/v2\/pages\/233"}],"collection":[{"href":"http:\/\/www.bsfalcon.com\/index.php\/wp-json\/wp\/v2\/pages"}],"about":[{"href":"http:\/\/www.bsfalcon.com\/index.php\/wp-json\/wp\/v2\/types\/page"}],"author":[{"embeddable":true,"href":"http:\/\/www.bsfalcon.com\/index.php\/wp-json\/wp\/v2\/users\/1"}],"replies":[{"embeddable":true,"href":"http:\/\/www.bsfalcon.com\/index.php\/wp-json\/wp\/v2\/comments?post=233"}],"version-history":[{"count":27,"href":"http:\/\/www.bsfalcon.com\/index.php\/wp-json\/wp\/v2\/pages\/233\/revisions"}],"predecessor-version":[{"id":283,"href":"http:\/\/www.bsfalcon.com\/index.php\/wp-json\/wp\/v2\/pages\/233\/revisions\/283"}],"wp:attachment":[{"href":"http:\/\/www.bsfalcon.com\/index.php\/wp-json\/wp\/v2\/media?parent=233"}],"curies":[{"name":"wp","href":"https:\/\/api.w.org\/{rel}","templated":true}]}}